{"id":13394,"date":"2021-02-02T10:43:37","date_gmt":"2021-02-02T10:43:37","guid":{"rendered":"https:\/\/confeitariacale.pt\/?page_id=13394"},"modified":"2021-02-02T10:51:33","modified_gmt":"2021-02-02T10:51:33","slug":"termos-condicoes","status":"publish","type":"page","link":"https:\/\/confeitariacale.pt\/en\/termos-condicoes\/","title":{"rendered":"TERMS AND CONDITIONS"},"content":{"rendered":"<p id=\"block-c855590e-2429-4db8-a49f-02666a0814b8\"><br>CH Pastelaria e Restaura\u00e7\u00e3o Lda, NIF 509256023, is responsible for the online sale of pastry products through the platform <a href=\"https:\/\/confeitariacale.pt\/en\/\">confeitariacale.pt<\/a>.<\/p>\n\n\n\n<p id=\"block-5b6678f2-6f51-484c-9610-2118f318f3cb\">A user is any person over the age of 18 who registers on the platform. <a href=\"https:\/\/confeitariacale.pt\/en\/\">confeitariacale.pt<\/a>.<\/p>\n\n\n\n<h3 class=\"wp-block-heading\" id=\"block-9f097169-88d0-4bc7-99a0-cbb9d8cc371f\">1. USER REGISTRATION<\/h3>\n\n\n\n<p id=\"block-40bff322-c6d9-489a-88b0-87770ef64c3f\">To place an order, the user has to fill in a form on the platform <a href=\"https:\/\/entregas.confeitariacale.pt\/\"><\/a><a href=\"https:\/\/confeitariacale.pt\/en\/\">confeitariacale.pt<\/a> by providing some personal data so that the order, delivery and collection can be carried out properly.<\/p>\n\n\n\n<p id=\"block-ae49141d-25a1-490f-97d9-ceb2b5062b0f\">User data will be protected in accordance with the Data Protection Act (see our\u00a0<a href=\"https:\/\/confeitariacale.pt\/en\/politica-privacidade\/\">privacy policy and cookies)<\/a>.<\/p>\n\n\n\n<h3 class=\"wp-block-heading\" id=\"block-6d0b7bf9-20cf-44ec-bcdd-23f12e83f600\">2. ACCEPT TERMS AND CONDITIONS<\/h3>\n\n\n\n<p id=\"block-c11466b9-0c9c-4150-a25a-5132e6b37a08\">To proceed with the order and payment, the user must accept our \"Terms and Conditions\".<\/p>\n\n\n\n<p id=\"block-9cdbfccd-e684-4ca8-861e-4916a0b107d5\">If you have any questions, you can always send an email to <a rel=\"noreferrer noopener\" href=\"mailto:comercialcale@gmail.com\" target=\"_blank\">comercialcale@gmail.com<\/a>.<\/p>\n\n\n\n<h3 class=\"wp-block-heading\" id=\"block-97c110a3-0fb0-41bd-9112-cfae76828367\">3. SITE CONTENTS<\/h3>\n\n\n\n<p id=\"block-dc7591e1-8e47-45d8-a98e-df7db6ec01fa\">CH Pastelaria e Restaura\u00e7\u00e3o Lda is responsible for all content on the platform <a href=\"https:\/\/entregas.confeitariacale.pt\/\"><\/a><a href=\"https:\/\/confeitariacale.pt\/en\/\">confeitariacale.pt<\/a> and reserves the right to modify any content, photos, videos, prices, methods and processes without prior notice to its users.<\/p>\n\n\n\n<h3 class=\"wp-block-heading\" id=\"block-0e56023c-fc5b-4b8e-9180-ae0d13eb12d6\">4. ORDERS<\/h3>\n\n\n\n<p>To place an order through the platform&nbsp;<a href=\"https:\/\/entregas.confeitariacale.pt\/\"><\/a><a href=\"https:\/\/confeitariacale.pt\/en\/\">confeitariacale.pt<\/a> the user must register correctly, add the products of their choice to the basket, choose the payment method and the shipping address.<\/p>\n\n\n\n<p id=\"block-06fba4c7-fa1d-4002-bcf4-71f1b263c279\">A confirmation message will be sent to the email address registered by the user, together with the order number.<\/p>\n\n\n\n<h3 class=\"wp-block-heading\" id=\"block-c8c35b5e-9312-48e8-8b47-b7ab7fc7d5b0\">5. PRICES<\/h3>\n\n\n\n<p id=\"block-8af7d4ba-5cf6-4d00-b7ea-ddfdb7cc07d5\">These prices are made by CH Pastelaria e Restaura\u00e7\u00e3o Lda, and we reserve the right to modify or adjust them without prior notice to users. Orders already placed will not be adjusted.<\/p>\n\n\n\n<p id=\"block-51707df8-df50-4d5b-a03c-8339e4e214ac\">The price in question already includes Value Added Tax (VAT) at the legal rate in force in the country of origin (Portugal) and the European Union.<\/p>\n\n\n\n<h3 class=\"wp-block-heading\" id=\"block-ad5a827e-4447-4b19-8956-2fecc46ec8a9\">6. PAYMENT AND SECURITY<\/h3>\n\n\n\n<p id=\"block-5c507c65-3478-4317-b0fb-b26d91a480a1\">Please note that purchases made on the <a href=\"https:\/\/entregas.confeitariacale.pt\/\"><\/a><a href=\"https:\/\/confeitariacale.pt\/en\/\">confeitariacale.pt<\/a> is safe.<\/p>\n\n\n\n<p id=\"block-4e7cfaf0-46a9-40c2-bea7-9cb02a863e87\">Payment can be made by one of these methods: ATM reference, PayPal, credit card or MBWay.<\/p>\n\n\n\n<p id=\"block-52f2eb47-9eaf-4321-94f1-688b709bddfe\">Once payment has been confirmed, the order will be placed.<\/p>\n\n\n\n<p id=\"block-fe1b1389-e3bf-4aff-9133-db168a2d5797\">With the ATM reference method, the user will have 48 hours to actually make the payment, otherwise the order will be cancelled.<\/p>\n\n\n\n<h3 class=\"wp-block-heading\" id=\"block-05553658-eed9-48e7-b8c7-4e0f3ad7d296\">7. DELIVERY<\/h3>\n\n\n\n<p id=\"block-89daa7ae-665b-4f33-835d-af9935cf7bcd\">The order will be delivered to the address chosen by the user.<\/p>\n\n\n\n<h3 class=\"wp-block-heading\" id=\"block-59521e36-5bcd-4872-898d-45f10acc3679\">8. RETURN POLICY<\/h3>\n\n\n\n<p id=\"block-c995587e-cfda-48d5-a583-c231f9788883\">As our products are perishable, they cannot be returned. If you have any further questions, please send an email to <a rel=\"noreferrer noopener\" href=\"mailto:comercialcale@gmail.com\" target=\"_blank\">comercialcale@gmail.com<\/a><\/p>","protected":false},"excerpt":{"rendered":"<p>CH Pastelaria e Restaura\u00e7\u00e3o Lda, NIF 509256023, \u00e9 respons\u00e1vel pela venda online de produtos de pastelaria atrav\u00e9s da plataforma confeitariacale.pt. O utilizador, \u00e9 qualquer pessoa, maior de 18 anos, que&#8230;<\/p>","protected":false},"author":1,"featured_media":13,"parent":0,"menu_order":0,"comment_status":"closed","ping_status":"open","template":"","meta":{"footnotes":""},"class_list":["post-13394","page","type-page","status-publish","has-post-thumbnail","hentry"],"yoast_head":"<!-- This site is optimized with the Yoast SEO plugin v27.4 - https:\/\/yoast.com\/product\/yoast-seo-wordpress\/ -->\n<title>Termos e Condi\u00e7\u00f5es | Cal&eacute; - Confeitaria Tradicional Portuguesa<\/title>\n<meta name=\"description\" content=\"Consulte os Termos e Condi\u00e7\u00f5es da Loja da Cal\u00e9 - Confeitaria Tradicional Portuguesa antes de proceder \u00e0 sua compra.\" \/>\n<meta name=\"robots\" content=\"index, follow, max-snippet:-1, max-image-preview:large, max-video-preview:-1\" \/>\n<link rel=\"canonical\" href=\"https:\/\/confeitariacale.pt\/en\/termos-condicoes\/\" \/>\n<meta property=\"og:locale\" content=\"en_GB\" \/>\n<meta property=\"og:type\" content=\"article\" \/>\n<meta property=\"og:title\" content=\"Termos e Condi\u00e7\u00f5es | Cal&eacute; - Confeitaria Tradicional Portuguesa\" \/>\n<meta property=\"og:description\" content=\"Consulte os Termos e Condi\u00e7\u00f5es da Loja da Cal\u00e9 - Confeitaria Tradicional Portuguesa antes de proceder \u00e0 sua compra.\" \/>\n<meta property=\"og:url\" content=\"https:\/\/confeitariacale.pt\/en\/termos-condicoes\/\" \/>\n<meta property=\"og:site_name\" content=\"Cal&eacute; - Confeitaria Tradicional Portuguesa\" \/>\n<meta property=\"article:publisher\" content=\"https:\/\/www.facebook.com\/ConfeitariaCale\" \/>\n<meta property=\"article:modified_time\" content=\"2021-02-02T10:51:33+00:00\" \/>\n<meta property=\"og:image\" content=\"https:\/\/confeitariacale.pt\/wp-content\/uploads\/2021\/02\/104439490_3144511675595181_1617663331076574825_n.png\" \/>\n\t<meta property=\"og:image:width\" content=\"334\" \/>\n\t<meta property=\"og:image:height\" content=\"334\" \/>\n\t<meta property=\"og:image:type\" content=\"image\/png\" \/>\n<meta name=\"twitter:card\" content=\"summary_large_image\" \/>\n<meta name=\"twitter:label1\" content=\"Estimated reading time\" \/>\n\t<meta name=\"twitter:data1\" content=\"2 minutes\" \/>\n<script type=\"application\/ld+json\" class=\"yoast-schema-graph\">{\"@context\":\"https:\\\/\\\/schema.org\",\"@graph\":[{\"@type\":\"WebPage\",\"@id\":\"https:\\\/\\\/confeitariacale.pt\\\/termos-condicoes\\\/\",\"url\":\"https:\\\/\\\/confeitariacale.pt\\\/termos-condicoes\\\/\",\"name\":\"Termos e Condi\u00e7\u00f5es | Cal&eacute; - Confeitaria Tradicional Portuguesa\",\"isPartOf\":{\"@id\":\"https:\\\/\\\/confeitariacale.pt\\\/#website\"},\"primaryImageOfPage\":{\"@id\":\"https:\\\/\\\/confeitariacale.pt\\\/termos-condicoes\\\/#primaryimage\"},\"image\":{\"@id\":\"https:\\\/\\\/confeitariacale.pt\\\/termos-condicoes\\\/#primaryimage\"},\"thumbnailUrl\":\"https:\\\/\\\/confeitariacale.pt\\\/wp-content\\\/uploads\\\/2021\\\/02\\\/104439490_3144511675595181_1617663331076574825_n.png\",\"datePublished\":\"2021-02-02T10:43:37+00:00\",\"dateModified\":\"2021-02-02T10:51:33+00:00\",\"description\":\"Consulte os Termos e Condi\u00e7\u00f5es da Loja da Cal\u00e9 - Confeitaria Tradicional Portuguesa antes de proceder \u00e0 sua compra.\",\"breadcrumb\":{\"@id\":\"https:\\\/\\\/confeitariacale.pt\\\/termos-condicoes\\\/#breadcrumb\"},\"inLanguage\":\"en-GB\",\"potentialAction\":[{\"@type\":\"ReadAction\",\"target\":[\"https:\\\/\\\/confeitariacale.pt\\\/termos-condicoes\\\/\"]}]},{\"@type\":\"ImageObject\",\"inLanguage\":\"en-GB\",\"@id\":\"https:\\\/\\\/confeitariacale.pt\\\/termos-condicoes\\\/#primaryimage\",\"url\":\"https:\\\/\\\/confeitariacale.pt\\\/wp-content\\\/uploads\\\/2021\\\/02\\\/104439490_3144511675595181_1617663331076574825_n.png\",\"contentUrl\":\"https:\\\/\\\/confeitariacale.pt\\\/wp-content\\\/uploads\\\/2021\\\/02\\\/104439490_3144511675595181_1617663331076574825_n.png\",\"width\":334,\"height\":334,\"caption\":\"logo-cale-confeitaria-tradicional-portuguesa-peniche-caldas-rainha-padaria-pastelaria\"},{\"@type\":\"BreadcrumbList\",\"@id\":\"https:\\\/\\\/confeitariacale.pt\\\/termos-condicoes\\\/#breadcrumb\",\"itemListElement\":[{\"@type\":\"ListItem\",\"position\":1,\"name\":\"In\u00edcio\",\"item\":\"https:\\\/\\\/confeitariacale.pt\\\/\"},{\"@type\":\"ListItem\",\"position\":2,\"name\":\"TERMOS E CONDI\u00c7\u00d5ES\"}]},{\"@type\":\"WebSite\",\"@id\":\"https:\\\/\\\/confeitariacale.pt\\\/#website\",\"url\":\"https:\\\/\\\/confeitariacale.pt\\\/\",\"name\":\"Cal\u00e9 - Confeitaria Tradicional Portuguesa\",\"description\":\"No Grupo Cal&eacute; produzimos, vendemos e distribu&iacute;mos diariamente produtos de refer&ecirc;ncia nas &aacute;reas da panifica&ccedil;&atilde;o, pastelaria, confeitaria e do&ccedil;aria.\",\"publisher\":{\"@id\":\"https:\\\/\\\/confeitariacale.pt\\\/#organization\"},\"potentialAction\":[{\"@type\":\"SearchAction\",\"target\":{\"@type\":\"EntryPoint\",\"urlTemplate\":\"https:\\\/\\\/confeitariacale.pt\\\/?s={search_term_string}\"},\"query-input\":{\"@type\":\"PropertyValueSpecification\",\"valueRequired\":true,\"valueName\":\"search_term_string\"}}],\"inLanguage\":\"en-GB\"},{\"@type\":\"Organization\",\"@id\":\"https:\\\/\\\/confeitariacale.pt\\\/#organization\",\"name\":\"Cal\u00e9 - Confeitaria Tradicional Portuguesa\",\"url\":\"https:\\\/\\\/confeitariacale.pt\\\/\",\"logo\":{\"@type\":\"ImageObject\",\"inLanguage\":\"en-GB\",\"@id\":\"https:\\\/\\\/confeitariacale.pt\\\/#\\\/schema\\\/logo\\\/image\\\/\",\"url\":\"https:\\\/\\\/confeitariacale.pt\\\/wp-content\\\/uploads\\\/2021\\\/02\\\/104439490_3144511675595181_1617663331076574825_n.png\",\"contentUrl\":\"https:\\\/\\\/confeitariacale.pt\\\/wp-content\\\/uploads\\\/2021\\\/02\\\/104439490_3144511675595181_1617663331076574825_n.png\",\"width\":334,\"height\":334,\"caption\":\"Cal\u00e9 - Confeitaria Tradicional Portuguesa\"},\"image\":{\"@id\":\"https:\\\/\\\/confeitariacale.pt\\\/#\\\/schema\\\/logo\\\/image\\\/\"},\"sameAs\":[\"https:\\\/\\\/www.facebook.com\\\/ConfeitariaCale\",\"https:\\\/\\\/www.instagram.com\\\/confeitariacale\\\/\"]}]}<\/script>\n<!-- \/ Yoast SEO plugin. -->","yoast_head_json":{"title":"Termos e Condi\u00e7\u00f5es | Cal&eacute; - Confeitaria Tradicional Portuguesa","description":"Consulte os Termos e Condi\u00e7\u00f5es da Loja da Cal\u00e9 - Confeitaria Tradicional Portuguesa antes de proceder \u00e0 sua compra.","robots":{"index":"index","follow":"follow","max-snippet":"max-snippet:-1","max-image-preview":"max-image-preview:large","max-video-preview":"max-video-preview:-1"},"canonical":"https:\/\/confeitariacale.pt\/en\/termos-condicoes\/","og_locale":"en_GB","og_type":"article","og_title":"Termos e Condi\u00e7\u00f5es | Cal&eacute; - Confeitaria Tradicional Portuguesa","og_description":"Consulte os Termos e Condi\u00e7\u00f5es da Loja da Cal\u00e9 - Confeitaria Tradicional Portuguesa antes de proceder \u00e0 sua compra.","og_url":"https:\/\/confeitariacale.pt\/en\/termos-condicoes\/","og_site_name":"Cal&eacute; - Confeitaria Tradicional Portuguesa","article_publisher":"https:\/\/www.facebook.com\/ConfeitariaCale","article_modified_time":"2021-02-02T10:51:33+00:00","og_image":[{"width":334,"height":334,"url":"https:\/\/confeitariacale.pt\/wp-content\/uploads\/2021\/02\/104439490_3144511675595181_1617663331076574825_n.png","type":"image\/png"}],"twitter_card":"summary_large_image","twitter_misc":{"Estimated reading time":"2 minutes"},"schema":{"@context":"https:\/\/schema.org","@graph":[{"@type":"WebPage","@id":"https:\/\/confeitariacale.pt\/termos-condicoes\/","url":"https:\/\/confeitariacale.pt\/termos-condicoes\/","name":"Termos e Condi\u00e7\u00f5es | Cal&eacute; - Confeitaria Tradicional Portuguesa","isPartOf":{"@id":"https:\/\/confeitariacale.pt\/#website"},"primaryImageOfPage":{"@id":"https:\/\/confeitariacale.pt\/termos-condicoes\/#primaryimage"},"image":{"@id":"https:\/\/confeitariacale.pt\/termos-condicoes\/#primaryimage"},"thumbnailUrl":"https:\/\/confeitariacale.pt\/wp-content\/uploads\/2021\/02\/104439490_3144511675595181_1617663331076574825_n.png","datePublished":"2021-02-02T10:43:37+00:00","dateModified":"2021-02-02T10:51:33+00:00","description":"Consulte os Termos e Condi\u00e7\u00f5es da Loja da Cal\u00e9 - Confeitaria Tradicional Portuguesa antes de proceder \u00e0 sua compra.","breadcrumb":{"@id":"https:\/\/confeitariacale.pt\/termos-condicoes\/#breadcrumb"},"inLanguage":"en-GB","potentialAction":[{"@type":"ReadAction","target":["https:\/\/confeitariacale.pt\/termos-condicoes\/"]}]},{"@type":"ImageObject","inLanguage":"en-GB","@id":"https:\/\/confeitariacale.pt\/termos-condicoes\/#primaryimage","url":"https:\/\/confeitariacale.pt\/wp-content\/uploads\/2021\/02\/104439490_3144511675595181_1617663331076574825_n.png","contentUrl":"https:\/\/confeitariacale.pt\/wp-content\/uploads\/2021\/02\/104439490_3144511675595181_1617663331076574825_n.png","width":334,"height":334,"caption":"logo-cale-confeitaria-tradicional-portuguesa-peniche-caldas-rainha-padaria-pastelaria"},{"@type":"BreadcrumbList","@id":"https:\/\/confeitariacale.pt\/termos-condicoes\/#breadcrumb","itemListElement":[{"@type":"ListItem","position":1,"name":"In\u00edcio","item":"https:\/\/confeitariacale.pt\/"},{"@type":"ListItem","position":2,"name":"TERMOS E CONDI\u00c7\u00d5ES"}]},{"@type":"WebSite","@id":"https:\/\/confeitariacale.pt\/#website","url":"https:\/\/confeitariacale.pt\/","name":"Cal\u00e9 - Confeitaria Tradicional Portuguesa","description":"No Grupo Cal&eacute; produzimos, vendemos e distribu&iacute;mos diariamente produtos de refer&ecirc;ncia nas &aacute;reas da panifica&ccedil;&atilde;o, pastelaria, confeitaria e do&ccedil;aria.","publisher":{"@id":"https:\/\/confeitariacale.pt\/#organization"},"potentialAction":[{"@type":"SearchAction","target":{"@type":"EntryPoint","urlTemplate":"https:\/\/confeitariacale.pt\/?s={search_term_string}"},"query-input":{"@type":"PropertyValueSpecification","valueRequired":true,"valueName":"search_term_string"}}],"inLanguage":"en-GB"},{"@type":"Organization","@id":"https:\/\/confeitariacale.pt\/#organization","name":"Cal\u00e9 - Confeitaria Tradicional Portuguesa","url":"https:\/\/confeitariacale.pt\/","logo":{"@type":"ImageObject","inLanguage":"en-GB","@id":"https:\/\/confeitariacale.pt\/#\/schema\/logo\/image\/","url":"https:\/\/confeitariacale.pt\/wp-content\/uploads\/2021\/02\/104439490_3144511675595181_1617663331076574825_n.png","contentUrl":"https:\/\/confeitariacale.pt\/wp-content\/uploads\/2021\/02\/104439490_3144511675595181_1617663331076574825_n.png","width":334,"height":334,"caption":"Cal\u00e9 - Confeitaria Tradicional Portuguesa"},"image":{"@id":"https:\/\/confeitariacale.pt\/#\/schema\/logo\/image\/"},"sameAs":["https:\/\/www.facebook.com\/ConfeitariaCale","https:\/\/www.instagram.com\/confeitariacale\/"]}]}},"_links":{"self":[{"href":"https:\/\/confeitariacale.pt\/en\/wp-json\/wp\/v2\/pages\/13394","targetHints":{"allow":["GET"]}}],"collection":[{"href":"https:\/\/confeitariacale.pt\/en\/wp-json\/wp\/v2\/pages"}],"about":[{"href":"https:\/\/confeitariacale.pt\/en\/wp-json\/wp\/v2\/types\/page"}],"author":[{"embeddable":true,"href":"https:\/\/confeitariacale.pt\/en\/wp-json\/wp\/v2\/users\/1"}],"replies":[{"embeddable":true,"href":"https:\/\/confeitariacale.pt\/en\/wp-json\/wp\/v2\/comments?post=13394"}],"version-history":[{"count":0,"href":"https:\/\/confeitariacale.pt\/en\/wp-json\/wp\/v2\/pages\/13394\/revisions"}],"wp:featuredmedia":[{"embeddable":true,"href":"https:\/\/confeitariacale.pt\/en\/wp-json\/wp\/v2\/media\/13"}],"wp:attachment":[{"href":"https:\/\/confeitariacale.pt\/en\/wp-json\/wp\/v2\/media?parent=13394"}],"curies":[{"name":"wp","href":"https:\/\/api.w.org\/{rel}","templated":true}]}}