{"id":13744,"date":"2021-02-04T21:54:17","date_gmt":"2021-02-04T21:54:17","guid":{"rendered":"https:\/\/confeitariacale.pt\/?page_id=13744"},"modified":"2022-09-20T14:52:34","modified_gmt":"2022-09-20T14:52:34","slug":"bolos-personalizados","status":"publish","type":"page","link":"https:\/\/confeitariacale.pt\/en\/bolos-personalizados\/","title":{"rendered":"CUSTOMIZED"},"content":{"rendered":"<div class=\"wpb-content-wrapper\"><div class=\"vc_row wpb_row vc_row-fluid edgtf-section vc_custom_1612471300227 edgtf-content-aligment-left edgtf-grid-section\" style=\"\"><div class=\"clearfix edgtf-section-inner\"><div class=\"edgtf-section-inner-margin clearfix\"><div class=\"wpb_column vc_column_container vc_col-sm-4 vc_col-lg-4 vc_col-md-12 vc_col-xs-12\"><div class=\"vc_column-inner\"><div class=\"wpb_wrapper\">\n\t<div  class=\"wpb_single_image wpb_content_element vc_align_center\">\n\t\t\n\t\t<figure class=\"wpb_wrapper vc_figure\">\n\t\t\t<div class=\"vc_single_image-wrapper   vc_box_border_grey\"><img fetchpriority=\"high\" decoding=\"async\" width=\"2560\" height=\"1707\" src=\"https:\/\/confeitariacale.pt\/wp-content\/uploads\/2021\/02\/MG_0628-scaled.jpg\" class=\"vc_single_image-img attachment-full\" alt=\"bolos-personalizados-cale-confeitaria-tradicional-portuguesa-peniche-caldas-rainha-padaria-pastelaria\" title=\"bolos-personalizados-cale-confeitaria-tradicional-portuguesa-peniche-caldas-rainha-padaria-pastelaria\" srcset=\"https:\/\/confeitariacale.pt\/wp-content\/uploads\/2021\/02\/MG_0628-scaled.jpg 2560w, https:\/\/confeitariacale.pt\/wp-content\/uploads\/2021\/02\/MG_0628-scaled-300x200.jpg 300w, https:\/\/confeitariacale.pt\/wp-content\/uploads\/2021\/02\/MG_0628-scaled-1024x683.jpg 1024w, https:\/\/confeitariacale.pt\/wp-content\/uploads\/2021\/02\/MG_0628-scaled-768x512.jpg 768w, https:\/\/confeitariacale.pt\/wp-content\/uploads\/2021\/02\/MG_0628-scaled-1536x1024.jpg 1536w, https:\/\/confeitariacale.pt\/wp-content\/uploads\/2021\/02\/MG_0628-scaled-18x12.jpg 18w\" sizes=\"(max-width: 2560px) 100vw, 2560px\" \/><\/div>\n\t\t<\/figure>\n\t<\/div>\n<div class=\"vc_empty_space\"   style=\"height: 15px\"><span class=\"vc_empty_space_inner\"><\/span><\/div>\n\t<div  class=\"wpb_single_image wpb_content_element vc_align_center\">\n\t\t\n\t\t<figure class=\"wpb_wrapper vc_figure\">\n\t\t\t<div class=\"vc_single_image-wrapper   vc_box_border_grey\"><img decoding=\"async\" width=\"2560\" height=\"1707\" src=\"https:\/\/confeitariacale.pt\/wp-content\/uploads\/2021\/02\/AK5I4201-scaled.jpg\" class=\"vc_single_image-img attachment-full\" alt=\"1-bolo-figos-personalizados-pastelaria-entrega-casa-cale-confeitaria-tradicional-portuguesa-peniche-caldas-rainha-padaria-pastelaria\" title=\"1-bolo-figos-personalizados-pastelaria-entrega-casa-cale-confeitaria-tradicional-portuguesa-peniche-caldas-rainha-padaria-pastelaria\" srcset=\"https:\/\/confeitariacale.pt\/wp-content\/uploads\/2021\/02\/AK5I4201-scaled.jpg 2560w, https:\/\/confeitariacale.pt\/wp-content\/uploads\/2021\/02\/AK5I4201-scaled-300x200.jpg 300w, https:\/\/confeitariacale.pt\/wp-content\/uploads\/2021\/02\/AK5I4201-scaled-1024x683.jpg 1024w, https:\/\/confeitariacale.pt\/wp-content\/uploads\/2021\/02\/AK5I4201-scaled-768x512.jpg 768w, https:\/\/confeitariacale.pt\/wp-content\/uploads\/2021\/02\/AK5I4201-scaled-1536x1024.jpg 1536w, https:\/\/confeitariacale.pt\/wp-content\/uploads\/2021\/02\/AK5I4201-scaled-18x12.jpg 18w\" sizes=\"(max-width: 2560px) 100vw, 2560px\" \/><\/div>\n\t\t<\/figure>\n\t<\/div>\n<div class=\"vc_empty_space\"   style=\"height: 15px\"><span class=\"vc_empty_space_inner\"><\/span><\/div>\n\t<div  class=\"wpb_single_image wpb_content_element vc_align_center\">\n\t\t\n\t\t<figure class=\"wpb_wrapper vc_figure\">\n\t\t\t<div class=\"vc_single_image-wrapper   vc_box_border_grey\"><img decoding=\"async\" width=\"1970\" height=\"1969\" src=\"https:\/\/confeitariacale.pt\/wp-content\/uploads\/2021\/02\/131175869_3655857794460564_4829643465431262306_o.jpg\" class=\"vc_single_image-img attachment-full\" alt=\"bolo-limao-natal-personalizados-pastelaria-entrega-casa-cale-confeitaria-tradicional-portuguesa-peniche-caldas-rainha-padaria-pastelaria\" title=\"bolo-limao-natal-personalizados-pastelaria-entrega-casa-cale-confeitaria-tradicional-portuguesa-peniche-caldas-rainha-padaria-pastelaria\" srcset=\"https:\/\/confeitariacale.pt\/wp-content\/uploads\/2021\/02\/131175869_3655857794460564_4829643465431262306_o.jpg 1970w, https:\/\/confeitariacale.pt\/wp-content\/uploads\/2021\/02\/131175869_3655857794460564_4829643465431262306_o-300x300.jpg 300w, https:\/\/confeitariacale.pt\/wp-content\/uploads\/2021\/02\/131175869_3655857794460564_4829643465431262306_o-1024x1024.jpg 1024w, https:\/\/confeitariacale.pt\/wp-content\/uploads\/2021\/02\/131175869_3655857794460564_4829643465431262306_o-150x150.jpg 150w, https:\/\/confeitariacale.pt\/wp-content\/uploads\/2021\/02\/131175869_3655857794460564_4829643465431262306_o-768x768.jpg 768w, https:\/\/confeitariacale.pt\/wp-content\/uploads\/2021\/02\/131175869_3655857794460564_4829643465431262306_o-1536x1536.jpg 1536w, https:\/\/confeitariacale.pt\/wp-content\/uploads\/2021\/02\/131175869_3655857794460564_4829643465431262306_o-12x12.jpg 12w, https:\/\/confeitariacale.pt\/wp-content\/uploads\/2021\/02\/131175869_3655857794460564_4829643465431262306_o-550x550.jpg 550w, https:\/\/confeitariacale.pt\/wp-content\/uploads\/2021\/02\/131175869_3655857794460564_4829643465431262306_o-1000x1000.jpg 1000w\" sizes=\"(max-width: 1970px) 100vw, 1970px\" \/><\/div>\n\t\t<\/figure>\n\t<\/div>\n<div class=\"vc_empty_space\"   style=\"height: 15px\"><span class=\"vc_empty_space_inner\"><\/span><\/div>\n\t<div  class=\"wpb_single_image wpb_content_element vc_align_center\">\n\t\t\n\t\t<figure class=\"wpb_wrapper vc_figure\">\n\t\t\t<div class=\"vc_single_image-wrapper   vc_box_border_grey\"><img loading=\"lazy\" decoding=\"async\" width=\"1688\" height=\"1688\" src=\"https:\/\/confeitariacale.pt\/wp-content\/uploads\/2021\/02\/123188654_3532291610150517_625861446661445893_o.jpg\" class=\"vc_single_image-img attachment-full\" alt=\"bolo-fantasmas-personalizados-pastelaria-entrega-casa-cale-confeitaria-tradicional-portuguesa-peniche-caldas-rainha-padaria-pastelaria\" title=\"bolo-fantasmas-personalizados-pastelaria-entrega-casa-cale-confeitaria-tradicional-portuguesa-peniche-caldas-rainha-padaria-pastelaria\" srcset=\"https:\/\/confeitariacale.pt\/wp-content\/uploads\/2021\/02\/123188654_3532291610150517_625861446661445893_o.jpg 1688w, https:\/\/confeitariacale.pt\/wp-content\/uploads\/2021\/02\/123188654_3532291610150517_625861446661445893_o-300x300.jpg 300w, https:\/\/confeitariacale.pt\/wp-content\/uploads\/2021\/02\/123188654_3532291610150517_625861446661445893_o-1024x1024.jpg 1024w, https:\/\/confeitariacale.pt\/wp-content\/uploads\/2021\/02\/123188654_3532291610150517_625861446661445893_o-150x150.jpg 150w, https:\/\/confeitariacale.pt\/wp-content\/uploads\/2021\/02\/123188654_3532291610150517_625861446661445893_o-768x768.jpg 768w, https:\/\/confeitariacale.pt\/wp-content\/uploads\/2021\/02\/123188654_3532291610150517_625861446661445893_o-1536x1536.jpg 1536w, https:\/\/confeitariacale.pt\/wp-content\/uploads\/2021\/02\/123188654_3532291610150517_625861446661445893_o-12x12.jpg 12w, https:\/\/confeitariacale.pt\/wp-content\/uploads\/2021\/02\/123188654_3532291610150517_625861446661445893_o-550x550.jpg 550w, https:\/\/confeitariacale.pt\/wp-content\/uploads\/2021\/02\/123188654_3532291610150517_625861446661445893_o-1000x1000.jpg 1000w\" sizes=\"(max-width: 1688px) 100vw, 1688px\" \/><\/div>\n\t\t<\/figure>\n\t<\/div>\n<\/div><\/div><\/div><div class=\"wpb_column vc_column_container vc_col-sm-8 vc_col-lg-8 vc_col-md-12 vc_col-xs-12\"><div class=\"vc_column-inner\"><div class=\"wpb_wrapper\"><div class=\"vc_empty_space\"   style=\"height: 15px\"><span class=\"vc_empty_space_inner\"><\/span><\/div>\n\t<div class=\"wpb_text_column wpb_content_element\" >\n\t\t<div class=\"wpb_wrapper\">\n\t\t\t<h2>customized cakes<\/h2>\n\n\t\t<\/div>\n\t<\/div>\n<div class=\"vc_empty_space\"   style=\"height: 15px\"><span class=\"vc_empty_space_inner\"><\/span><\/div><div class=\"edgtf-separator-holder clearfix  edgtf-separator-left\">\n\t<div class=\"edgtf-separator\" style=\"width: 120px;border-bottom-width: 3px\"><\/div>\n<\/div>\n<div class=\"vc_empty_space\"   style=\"height: 35px\"><span class=\"vc_empty_space_inner\"><\/span><\/div>\n\t<div class=\"wpb_text_column wpb_content_element\" >\n\t\t<div class=\"wpb_wrapper\">\n\t\t\t<p class=\"p1\"><span class=\"s1\">At Cal\u00e9 we believe that cakes are for special occasions. That's why we offer different ways to give your celebrations a unique flavour. Your imagination is the limit.<\/span><\/p>\n<p class=\"p1\"><span class=\"s1\"><b>*Attention:<\/b>\u00a0All cakes that include doll moulding, tiered cakes and icing effects, are\u00a0<b>subject to budget<\/b> and must be ordered with<b>\u00a0in advance<\/b>.<\/span><\/p>\n\n\t\t<\/div>\n\t<\/div>\n<div class=\"vc_empty_space\"   style=\"height: 50px\"><span class=\"vc_empty_space_inner\"><\/span><\/div><div class= \"edgtf-ordered-list\" >\n<table class=\"t1\" cellspacing=\"0\" cellpadding=\"0\">\n<tbody>\n<tr>\n<td class=\"td1\" valign=\"top\">\n<p class=\"p1\"><span class=\"s1\">Type of dough:<\/span><\/p>\n<\/td>\n<td class=\"td1\" valign=\"top\">\n<p class=\"p1\"><span class=\"s1\">Interior filling:<\/span><\/p>\n<\/td>\n<td class=\"td1\" valign=\"top\">\n<p class=\"p1\"><span class=\"s1\">Exterior filling:<\/span><\/p>\n<\/td>\n<\/tr>\n<tr>\n<td class=\"td2\" valign=\"top\">\n<p class=\"p2\"><span class=\"s1\">1. Normal P\u00e3o de L\u00f3 (sponge cake)<\/span><\/p>\n<p class=\"p2\"><span class=\"s1\">2. Chocolate P\u00e3o de L\u00f3 (sponge cake)<\/span><\/p>\n<p class=\"p2\"><span class=\"s1\">3. Chocolate Intense (soft cake)<\/span><\/p>\n<p class=\"p2\"><span class=\"s1\">4. Almond (soft cake)<\/span><\/p>\n<p class=\"p2\"><span class=\"s1\">5. Carrot (soft cake)<\/span><\/p>\n<p class=\"p2\"><span class=\"s1\">6. Walnut (soft cake)<\/span><\/p>\n<p class=\"p2\"><span class=\"s1\">7. Wholemeal (soft cake)<\/span><\/p>\n<p class=\"p2\"><span class=\"s1\">8. Pineapple (soft cake)<\/span><\/p>\n<p class=\"p2\"><span class=\"s1\">9. Puff pastry<\/span><\/p>\n<p class=\"p2\"><span class=\"s1\">10. Mixed (soft cake)<\/span><\/p>\n<p><span class=\"s1\">11. Mixed (sponge cake and puff pastry)<\/span><\/td>\n<td class=\"td2\" valign=\"top\">\n<p class=\"p2\"><span class=\"s1\">1. Egg jam<\/span><\/p>\n<p class=\"p2\"><span class=\"s1\">2. Chocolate<\/span><\/p>\n<p class=\"p2\"><span class=\"s1\">3. Whipped cream<\/span><\/p>\n<p class=\"p2\"><span class=\"s1\">4. Whipped cream with fruit<\/span><\/p>\n<p class=\"p2\"><span class=\"s1\">5. Strawberry<\/span><\/p>\n<p class=\"p2\"><span class=\"s1\">6. Wild fruits<\/span><\/p>\n<p class=\"p2\"><span class=\"s1\">7. Dulce de leche<\/span><\/p>\n<p class=\"p2\"><span class=\"s1\">8. Dulce de leche with walnuts<\/span><\/p>\n<p class=\"p2\"><span class=\"s1\">9. Milk Chocolate Ganache<\/span><\/p>\n<p class=\"p2\"><span class=\"s1\">10. Black Chocolate Ganache<\/span><\/p>\n<p class=\"p2\"><span class=\"s1\">11. White Chocolate Ganachee<\/span><\/p>\n<p class=\"p2\"><span class=\"s1\">12. Lemon Chocolate Ganache<\/span><\/p>\n<p class=\"p2\"><span class=\"s1\">13. Salted Caramel<\/span><\/p>\n<\/td>\n<td class=\"td2\" valign=\"top\">\n<p class=\"p2\"><span class=\"s1\">1. Egg jam<\/span><\/p>\n<p class=\"p2\"><span class=\"s1\">2. Chocolate<\/span><\/p>\n<p class=\"p2\"><span class=\"s1\">3. Whipped cream<\/span><\/p>\n<p class=\"p2\"><span class=\"s1\">4. Strawberry<\/span><\/p>\n<p class=\"p2\"><span class=\"s1\">5. Chocolate Jelly<\/span><\/p>\n<p class=\"p2\"><span class=\"s1\">6. Caramel Jelly<\/span><\/p>\n<p class=\"p2\"><span class=\"s1\">7. Massapan (Almond)<\/span><\/p>\n<p class=\"p2\"><span class=\"s1\">8. Icing<\/span><\/p>\n<p class=\"p2\"><span class=\"s1\">9. Sugar paste<\/span><\/p>\n<p class=\"p2\"><span class=\"s1\">10. Obrea plate (wafer)<\/span><\/p>\n<\/td>\n<\/tr>\n<\/tbody>\n<\/table>\n<\/div><\/div><\/div><\/div><\/div><\/div><\/div>\n<\/div>","protected":false},"excerpt":{"rendered":"bolos personalizados Na Cal\u00e9 acreditamos que os bolos s\u00e3o para as ocasi\u00f5es especiais. Por este motivo, oferecemos diferentes formas de dar um gosto \u00fanico \u00e0s suas comemora\u00e7\u00f5es. A sua imagina\u00e7\u00e3o...","protected":false},"author":1,"featured_media":13690,"parent":0,"menu_order":0,"comment_status":"closed","ping_status":"closed","template":"full-width.php","meta":{"footnotes":""},"class_list":["post-13744","page","type-page","status-publish","has-post-thumbnail","hentry"],"yoast_head":"<!-- This site is optimized with the Yoast SEO plugin v27.4 - https:\/\/yoast.com\/product\/yoast-seo-wordpress\/ -->\n<title>Personalizados | Cal&eacute; - Confeitaria Tradicional Portuguesa<\/title>\n<meta name=\"description\" content=\"Na Cal\u00e9 acreditamos que os bolos s\u00e3o para as ocasi\u00f5es especiais. Por este motivo, oferecemos diferentes formas de dar um gosto \u00fanico \u00e0s suas comemora\u00e7\u00f5es, com bolos personalizados \u00e0 sua medida.\" \/>\n<meta name=\"robots\" content=\"index, follow, max-snippet:-1, max-image-preview:large, max-video-preview:-1\" \/>\n<link rel=\"canonical\" href=\"https:\/\/confeitariacale.pt\/en\/bolos-personalizados\/\" \/>\n<meta property=\"og:locale\" content=\"en_GB\" \/>\n<meta property=\"og:type\" content=\"article\" \/>\n<meta property=\"og:title\" content=\"Personalizados | Cal&eacute; - Confeitaria Tradicional Portuguesa\" \/>\n<meta property=\"og:description\" content=\"Na Cal\u00e9 acreditamos que os bolos s\u00e3o para as ocasi\u00f5es especiais. Por este motivo, oferecemos diferentes formas de dar um gosto \u00fanico \u00e0s suas comemora\u00e7\u00f5es, com bolos personalizados \u00e0 sua medida.\" \/>\n<meta property=\"og:url\" content=\"https:\/\/confeitariacale.pt\/en\/bolos-personalizados\/\" \/>\n<meta property=\"og:site_name\" content=\"Cal&eacute; - Confeitaria Tradicional Portuguesa\" \/>\n<meta property=\"article:publisher\" content=\"https:\/\/www.facebook.com\/ConfeitariaCale\" \/>\n<meta property=\"article:modified_time\" content=\"2022-09-20T14:52:34+00:00\" \/>\n<meta property=\"og:image\" content=\"https:\/\/confeitariacale.pt\/wp-content\/uploads\/2021\/02\/Sem-ti\u0301tulo-1_personalizados.png\" \/>\n\t<meta property=\"og:image:width\" content=\"1668\" \/>\n\t<meta property=\"og:image:height\" content=\"1339\" \/>\n\t<meta property=\"og:image:type\" content=\"image\/png\" \/>\n<meta name=\"twitter:card\" content=\"summary_large_image\" \/>\n<meta name=\"twitter:label1\" content=\"Estimated reading time\" \/>\n\t<meta name=\"twitter:data1\" content=\"2 minutes\" \/>\n<script type=\"application\/ld+json\" class=\"yoast-schema-graph\">{\"@context\":\"https:\\\/\\\/schema.org\",\"@graph\":[{\"@type\":\"WebPage\",\"@id\":\"https:\\\/\\\/confeitariacale.pt\\\/bolos-personalizados\\\/\",\"url\":\"https:\\\/\\\/confeitariacale.pt\\\/bolos-personalizados\\\/\",\"name\":\"Personalizados | Cal&eacute; - Confeitaria Tradicional Portuguesa\",\"isPartOf\":{\"@id\":\"https:\\\/\\\/confeitariacale.pt\\\/#website\"},\"primaryImageOfPage\":{\"@id\":\"https:\\\/\\\/confeitariacale.pt\\\/bolos-personalizados\\\/#primaryimage\"},\"image\":{\"@id\":\"https:\\\/\\\/confeitariacale.pt\\\/bolos-personalizados\\\/#primaryimage\"},\"thumbnailUrl\":\"https:\\\/\\\/confeitariacale.pt\\\/wp-content\\\/uploads\\\/2021\\\/02\\\/Sem-ti\u0301tulo-1_personalizados.png\",\"datePublished\":\"2021-02-04T21:54:17+00:00\",\"dateModified\":\"2022-09-20T14:52:34+00:00\",\"description\":\"Na Cal\u00e9 acreditamos que os bolos s\u00e3o para as ocasi\u00f5es especiais. Por este motivo, oferecemos diferentes formas de dar um gosto \u00fanico \u00e0s suas comemora\u00e7\u00f5es, com bolos personalizados \u00e0 sua medida.\",\"breadcrumb\":{\"@id\":\"https:\\\/\\\/confeitariacale.pt\\\/bolos-personalizados\\\/#breadcrumb\"},\"inLanguage\":\"en-GB\",\"potentialAction\":[{\"@type\":\"ReadAction\",\"target\":[\"https:\\\/\\\/confeitariacale.pt\\\/bolos-personalizados\\\/\"]}]},{\"@type\":\"ImageObject\",\"inLanguage\":\"en-GB\",\"@id\":\"https:\\\/\\\/confeitariacale.pt\\\/bolos-personalizados\\\/#primaryimage\",\"url\":\"https:\\\/\\\/confeitariacale.pt\\\/wp-content\\\/uploads\\\/2021\\\/02\\\/Sem-ti\u0301tulo-1_personalizados.png\",\"contentUrl\":\"https:\\\/\\\/confeitariacale.pt\\\/wp-content\\\/uploads\\\/2021\\\/02\\\/Sem-ti\u0301tulo-1_personalizados.png\",\"width\":1668,\"height\":1339,\"caption\":\"bolo-figos-personalizados-pastelaria-entrega-casa-cale-confeitaria-tradicional-portuguesa-peniche-caldas-rainha-padaria-pastelaria\"},{\"@type\":\"BreadcrumbList\",\"@id\":\"https:\\\/\\\/confeitariacale.pt\\\/bolos-personalizados\\\/#breadcrumb\",\"itemListElement\":[{\"@type\":\"ListItem\",\"position\":1,\"name\":\"In\u00edcio\",\"item\":\"https:\\\/\\\/confeitariacale.pt\\\/\"},{\"@type\":\"ListItem\",\"position\":2,\"name\":\"PERSONALIZADOS\"}]},{\"@type\":\"WebSite\",\"@id\":\"https:\\\/\\\/confeitariacale.pt\\\/#website\",\"url\":\"https:\\\/\\\/confeitariacale.pt\\\/\",\"name\":\"Cal\u00e9 - Confeitaria Tradicional Portuguesa\",\"description\":\"No Grupo Cal&eacute; produzimos, vendemos e distribu&iacute;mos diariamente produtos de refer&ecirc;ncia nas &aacute;reas da panifica&ccedil;&atilde;o, pastelaria, confeitaria e do&ccedil;aria.\",\"publisher\":{\"@id\":\"https:\\\/\\\/confeitariacale.pt\\\/#organization\"},\"potentialAction\":[{\"@type\":\"SearchAction\",\"target\":{\"@type\":\"EntryPoint\",\"urlTemplate\":\"https:\\\/\\\/confeitariacale.pt\\\/?s={search_term_string}\"},\"query-input\":{\"@type\":\"PropertyValueSpecification\",\"valueRequired\":true,\"valueName\":\"search_term_string\"}}],\"inLanguage\":\"en-GB\"},{\"@type\":\"Organization\",\"@id\":\"https:\\\/\\\/confeitariacale.pt\\\/#organization\",\"name\":\"Cal\u00e9 - Confeitaria Tradicional Portuguesa\",\"url\":\"https:\\\/\\\/confeitariacale.pt\\\/\",\"logo\":{\"@type\":\"ImageObject\",\"inLanguage\":\"en-GB\",\"@id\":\"https:\\\/\\\/confeitariacale.pt\\\/#\\\/schema\\\/logo\\\/image\\\/\",\"url\":\"https:\\\/\\\/confeitariacale.pt\\\/wp-content\\\/uploads\\\/2021\\\/02\\\/104439490_3144511675595181_1617663331076574825_n.png\",\"contentUrl\":\"https:\\\/\\\/confeitariacale.pt\\\/wp-content\\\/uploads\\\/2021\\\/02\\\/104439490_3144511675595181_1617663331076574825_n.png\",\"width\":334,\"height\":334,\"caption\":\"Cal\u00e9 - Confeitaria Tradicional Portuguesa\"},\"image\":{\"@id\":\"https:\\\/\\\/confeitariacale.pt\\\/#\\\/schema\\\/logo\\\/image\\\/\"},\"sameAs\":[\"https:\\\/\\\/www.facebook.com\\\/ConfeitariaCale\",\"https:\\\/\\\/www.instagram.com\\\/confeitariacale\\\/\"]}]}<\/script>\n<!-- \/ Yoast SEO plugin. -->","yoast_head_json":{"title":"Personalizados | Cal&eacute; - Confeitaria Tradicional Portuguesa","description":"Na Cal\u00e9 acreditamos que os bolos s\u00e3o para as ocasi\u00f5es especiais. Por este motivo, oferecemos diferentes formas de dar um gosto \u00fanico \u00e0s suas comemora\u00e7\u00f5es, com bolos personalizados \u00e0 sua medida.","robots":{"index":"index","follow":"follow","max-snippet":"max-snippet:-1","max-image-preview":"max-image-preview:large","max-video-preview":"max-video-preview:-1"},"canonical":"https:\/\/confeitariacale.pt\/en\/bolos-personalizados\/","og_locale":"en_GB","og_type":"article","og_title":"Personalizados | Cal&eacute; - Confeitaria Tradicional Portuguesa","og_description":"Na Cal\u00e9 acreditamos que os bolos s\u00e3o para as ocasi\u00f5es especiais. Por este motivo, oferecemos diferentes formas de dar um gosto \u00fanico \u00e0s suas comemora\u00e7\u00f5es, com bolos personalizados \u00e0 sua medida.","og_url":"https:\/\/confeitariacale.pt\/en\/bolos-personalizados\/","og_site_name":"Cal&eacute; - Confeitaria Tradicional Portuguesa","article_publisher":"https:\/\/www.facebook.com\/ConfeitariaCale","article_modified_time":"2022-09-20T14:52:34+00:00","og_image":[{"width":1668,"height":1339,"url":"https:\/\/confeitariacale.pt\/wp-content\/uploads\/2021\/02\/Sem-ti\u0301tulo-1_personalizados.png","type":"image\/png"}],"twitter_card":"summary_large_image","twitter_misc":{"Estimated reading time":"2 minutes"},"schema":{"@context":"https:\/\/schema.org","@graph":[{"@type":"WebPage","@id":"https:\/\/confeitariacale.pt\/bolos-personalizados\/","url":"https:\/\/confeitariacale.pt\/bolos-personalizados\/","name":"Personalizados | Cal&eacute; - Confeitaria Tradicional Portuguesa","isPartOf":{"@id":"https:\/\/confeitariacale.pt\/#website"},"primaryImageOfPage":{"@id":"https:\/\/confeitariacale.pt\/bolos-personalizados\/#primaryimage"},"image":{"@id":"https:\/\/confeitariacale.pt\/bolos-personalizados\/#primaryimage"},"thumbnailUrl":"https:\/\/confeitariacale.pt\/wp-content\/uploads\/2021\/02\/Sem-ti\u0301tulo-1_personalizados.png","datePublished":"2021-02-04T21:54:17+00:00","dateModified":"2022-09-20T14:52:34+00:00","description":"Na Cal\u00e9 acreditamos que os bolos s\u00e3o para as ocasi\u00f5es especiais. Por este motivo, oferecemos diferentes formas de dar um gosto \u00fanico \u00e0s suas comemora\u00e7\u00f5es, com bolos personalizados \u00e0 sua medida.","breadcrumb":{"@id":"https:\/\/confeitariacale.pt\/bolos-personalizados\/#breadcrumb"},"inLanguage":"en-GB","potentialAction":[{"@type":"ReadAction","target":["https:\/\/confeitariacale.pt\/bolos-personalizados\/"]}]},{"@type":"ImageObject","inLanguage":"en-GB","@id":"https:\/\/confeitariacale.pt\/bolos-personalizados\/#primaryimage","url":"https:\/\/confeitariacale.pt\/wp-content\/uploads\/2021\/02\/Sem-ti\u0301tulo-1_personalizados.png","contentUrl":"https:\/\/confeitariacale.pt\/wp-content\/uploads\/2021\/02\/Sem-ti\u0301tulo-1_personalizados.png","width":1668,"height":1339,"caption":"bolo-figos-personalizados-pastelaria-entrega-casa-cale-confeitaria-tradicional-portuguesa-peniche-caldas-rainha-padaria-pastelaria"},{"@type":"BreadcrumbList","@id":"https:\/\/confeitariacale.pt\/bolos-personalizados\/#breadcrumb","itemListElement":[{"@type":"ListItem","position":1,"name":"In\u00edcio","item":"https:\/\/confeitariacale.pt\/"},{"@type":"ListItem","position":2,"name":"PERSONALIZADOS"}]},{"@type":"WebSite","@id":"https:\/\/confeitariacale.pt\/#website","url":"https:\/\/confeitariacale.pt\/","name":"Cal\u00e9 - Confeitaria Tradicional Portuguesa","description":"No Grupo Cal&eacute; produzimos, vendemos e distribu&iacute;mos diariamente produtos de refer&ecirc;ncia nas &aacute;reas da panifica&ccedil;&atilde;o, pastelaria, confeitaria e do&ccedil;aria.","publisher":{"@id":"https:\/\/confeitariacale.pt\/#organization"},"potentialAction":[{"@type":"SearchAction","target":{"@type":"EntryPoint","urlTemplate":"https:\/\/confeitariacale.pt\/?s={search_term_string}"},"query-input":{"@type":"PropertyValueSpecification","valueRequired":true,"valueName":"search_term_string"}}],"inLanguage":"en-GB"},{"@type":"Organization","@id":"https:\/\/confeitariacale.pt\/#organization","name":"Cal\u00e9 - Confeitaria Tradicional Portuguesa","url":"https:\/\/confeitariacale.pt\/","logo":{"@type":"ImageObject","inLanguage":"en-GB","@id":"https:\/\/confeitariacale.pt\/#\/schema\/logo\/image\/","url":"https:\/\/confeitariacale.pt\/wp-content\/uploads\/2021\/02\/104439490_3144511675595181_1617663331076574825_n.png","contentUrl":"https:\/\/confeitariacale.pt\/wp-content\/uploads\/2021\/02\/104439490_3144511675595181_1617663331076574825_n.png","width":334,"height":334,"caption":"Cal\u00e9 - Confeitaria Tradicional Portuguesa"},"image":{"@id":"https:\/\/confeitariacale.pt\/#\/schema\/logo\/image\/"},"sameAs":["https:\/\/www.facebook.com\/ConfeitariaCale","https:\/\/www.instagram.com\/confeitariacale\/"]}]}},"_links":{"self":[{"href":"https:\/\/confeitariacale.pt\/en\/wp-json\/wp\/v2\/pages\/13744","targetHints":{"allow":["GET"]}}],"collection":[{"href":"https:\/\/confeitariacale.pt\/en\/wp-json\/wp\/v2\/pages"}],"about":[{"href":"https:\/\/confeitariacale.pt\/en\/wp-json\/wp\/v2\/types\/page"}],"author":[{"embeddable":true,"href":"https:\/\/confeitariacale.pt\/en\/wp-json\/wp\/v2\/users\/1"}],"replies":[{"embeddable":true,"href":"https:\/\/confeitariacale.pt\/en\/wp-json\/wp\/v2\/comments?post=13744"}],"version-history":[{"count":0,"href":"https:\/\/confeitariacale.pt\/en\/wp-json\/wp\/v2\/pages\/13744\/revisions"}],"wp:featuredmedia":[{"embeddable":true,"href":"https:\/\/confeitariacale.pt\/en\/wp-json\/wp\/v2\/media\/13690"}],"wp:attachment":[{"href":"https:\/\/confeitariacale.pt\/en\/wp-json\/wp\/v2\/media?parent=13744"}],"curies":[{"name":"wp","href":"https:\/\/api.w.org\/{rel}","templated":true}]}}