{"id":13955,"date":"2021-04-21T08:56:53","date_gmt":"2021-04-21T08:56:53","guid":{"rendered":"https:\/\/confeitariacale.pt\/?page_id=13955"},"modified":"2021-04-21T08:56:58","modified_gmt":"2021-04-21T08:56:58","slug":"programa-apoiar","status":"publish","type":"page","link":"https:\/\/confeitariacale.pt\/en\/programa-apoiar\/","title":{"rendered":"Support Programme"},"content":{"rendered":"<figure class=\"wp-block-image size-large\"><img fetchpriority=\"high\" decoding=\"async\" width=\"1024\" height=\"720\" src=\"https:\/\/confeitariacale.pt\/wp-content\/uploads\/2021\/04\/Captura-de-ecra\u0303-2021-04-21-a\u0300s-09.52.59-1024x720.png\" alt=\"\" class=\"wp-image-13956\" srcset=\"https:\/\/confeitariacale.pt\/wp-content\/uploads\/2021\/04\/Captura-de-ecra\u0303-2021-04-21-a\u0300s-09.52.59-1024x720.png 1024w, https:\/\/confeitariacale.pt\/wp-content\/uploads\/2021\/04\/Captura-de-ecra\u0303-2021-04-21-a\u0300s-09.52.59-300x211.png 300w, https:\/\/confeitariacale.pt\/wp-content\/uploads\/2021\/04\/Captura-de-ecra\u0303-2021-04-21-a\u0300s-09.52.59-768x540.png 768w, https:\/\/confeitariacale.pt\/wp-content\/uploads\/2021\/04\/Captura-de-ecra\u0303-2021-04-21-a\u0300s-09.52.59-1536x1080.png 1536w, https:\/\/confeitariacale.pt\/wp-content\/uploads\/2021\/04\/Captura-de-ecra\u0303-2021-04-21-a\u0300s-09.52.59-18x12.png 18w\" sizes=\"(max-width: 1024px) 100vw, 1024px\" \/><\/figure>","protected":false},"excerpt":{"rendered":"","protected":false},"author":1,"featured_media":0,"parent":0,"menu_order":0,"comment_status":"closed","ping_status":"closed","template":"","meta":{"footnotes":""},"class_list":["post-13955","page","type-page","status-publish","hentry"],"yoast_head":"<!-- This site is optimized with the Yoast SEO plugin v27.3 - https:\/\/yoast.com\/product\/yoast-seo-wordpress\/ -->\n<title>Programa Apoiar | Cal&eacute; - Confeitaria Tradicional Portuguesa<\/title>\n<meta name=\"description\" content=\"Ficha do Programa Apoiar (Programa Operacional Competitividade e Internacionaliza\u00e7\u00e3o) da Confeitaria Cal\u00e9.\" \/>\n<meta name=\"robots\" content=\"index, follow, max-snippet:-1, max-image-preview:large, max-video-preview:-1\" \/>\n<link rel=\"canonical\" href=\"https:\/\/confeitariacale.pt\/en\/programa-apoiar\/\" \/>\n<meta property=\"og:locale\" content=\"en_GB\" \/>\n<meta property=\"og:type\" content=\"article\" \/>\n<meta property=\"og:title\" content=\"Programa Apoiar | Cal&eacute; - Confeitaria Tradicional Portuguesa\" \/>\n<meta property=\"og:description\" content=\"Ficha do Programa Apoiar (Programa Operacional Competitividade e Internacionaliza\u00e7\u00e3o) da Confeitaria Cal\u00e9.\" \/>\n<meta property=\"og:url\" content=\"https:\/\/confeitariacale.pt\/en\/programa-apoiar\/\" \/>\n<meta property=\"og:site_name\" content=\"Cal&eacute; - Confeitaria Tradicional Portuguesa\" \/>\n<meta property=\"article:publisher\" content=\"https:\/\/www.facebook.com\/ConfeitariaCale\" \/>\n<meta property=\"article:modified_time\" content=\"2021-04-21T08:56:58+00:00\" \/>\n<meta name=\"twitter:card\" content=\"summary_large_image\" \/>\n<meta name=\"twitter:label1\" content=\"Estimated reading time\" \/>\n\t<meta name=\"twitter:data1\" content=\"1 minute\" \/>\n<script type=\"application\/ld+json\" class=\"yoast-schema-graph\">{\"@context\":\"https:\\\/\\\/schema.org\",\"@graph\":[{\"@type\":\"WebPage\",\"@id\":\"https:\\\/\\\/confeitariacale.pt\\\/programa-apoiar\\\/\",\"url\":\"https:\\\/\\\/confeitariacale.pt\\\/programa-apoiar\\\/\",\"name\":\"Programa Apoiar | Cal&eacute; - Confeitaria Tradicional Portuguesa\",\"isPartOf\":{\"@id\":\"https:\\\/\\\/confeitariacale.pt\\\/#website\"},\"datePublished\":\"2021-04-21T08:56:53+00:00\",\"dateModified\":\"2021-04-21T08:56:58+00:00\",\"description\":\"Ficha do Programa Apoiar (Programa Operacional Competitividade e Internacionaliza\u00e7\u00e3o) da Confeitaria Cal\u00e9.\",\"breadcrumb\":{\"@id\":\"https:\\\/\\\/confeitariacale.pt\\\/programa-apoiar\\\/#breadcrumb\"},\"inLanguage\":\"en-GB\",\"potentialAction\":[{\"@type\":\"ReadAction\",\"target\":[\"https:\\\/\\\/confeitariacale.pt\\\/programa-apoiar\\\/\"]}]},{\"@type\":\"BreadcrumbList\",\"@id\":\"https:\\\/\\\/confeitariacale.pt\\\/programa-apoiar\\\/#breadcrumb\",\"itemListElement\":[{\"@type\":\"ListItem\",\"position\":1,\"name\":\"In\u00edcio\",\"item\":\"https:\\\/\\\/confeitariacale.pt\\\/\"},{\"@type\":\"ListItem\",\"position\":2,\"name\":\"Programa Apoiar\"}]},{\"@type\":\"WebSite\",\"@id\":\"https:\\\/\\\/confeitariacale.pt\\\/#website\",\"url\":\"https:\\\/\\\/confeitariacale.pt\\\/\",\"name\":\"Cal\u00e9 - Confeitaria Tradicional Portuguesa\",\"description\":\"No Grupo Cal&eacute; produzimos, vendemos e distribu&iacute;mos diariamente produtos de refer&ecirc;ncia nas &aacute;reas da panifica&ccedil;&atilde;o, pastelaria, confeitaria e do&ccedil;aria.\",\"publisher\":{\"@id\":\"https:\\\/\\\/confeitariacale.pt\\\/#organization\"},\"potentialAction\":[{\"@type\":\"SearchAction\",\"target\":{\"@type\":\"EntryPoint\",\"urlTemplate\":\"https:\\\/\\\/confeitariacale.pt\\\/?s={search_term_string}\"},\"query-input\":{\"@type\":\"PropertyValueSpecification\",\"valueRequired\":true,\"valueName\":\"search_term_string\"}}],\"inLanguage\":\"en-GB\"},{\"@type\":\"Organization\",\"@id\":\"https:\\\/\\\/confeitariacale.pt\\\/#organization\",\"name\":\"Cal\u00e9 - Confeitaria Tradicional Portuguesa\",\"url\":\"https:\\\/\\\/confeitariacale.pt\\\/\",\"logo\":{\"@type\":\"ImageObject\",\"inLanguage\":\"en-GB\",\"@id\":\"https:\\\/\\\/confeitariacale.pt\\\/#\\\/schema\\\/logo\\\/image\\\/\",\"url\":\"https:\\\/\\\/confeitariacale.pt\\\/wp-content\\\/uploads\\\/2021\\\/02\\\/104439490_3144511675595181_1617663331076574825_n.png\",\"contentUrl\":\"https:\\\/\\\/confeitariacale.pt\\\/wp-content\\\/uploads\\\/2021\\\/02\\\/104439490_3144511675595181_1617663331076574825_n.png\",\"width\":334,\"height\":334,\"caption\":\"Cal\u00e9 - Confeitaria Tradicional Portuguesa\"},\"image\":{\"@id\":\"https:\\\/\\\/confeitariacale.pt\\\/#\\\/schema\\\/logo\\\/image\\\/\"},\"sameAs\":[\"https:\\\/\\\/www.facebook.com\\\/ConfeitariaCale\",\"https:\\\/\\\/www.instagram.com\\\/confeitariacale\\\/\"]}]}<\/script>\n<!-- \/ Yoast SEO plugin. -->","yoast_head_json":{"title":"Programa Apoiar | Cal&eacute; - Confeitaria Tradicional Portuguesa","description":"Ficha do Programa Apoiar (Programa Operacional Competitividade e Internacionaliza\u00e7\u00e3o) da Confeitaria Cal\u00e9.","robots":{"index":"index","follow":"follow","max-snippet":"max-snippet:-1","max-image-preview":"max-image-preview:large","max-video-preview":"max-video-preview:-1"},"canonical":"https:\/\/confeitariacale.pt\/en\/programa-apoiar\/","og_locale":"en_GB","og_type":"article","og_title":"Programa Apoiar | Cal&eacute; - Confeitaria Tradicional Portuguesa","og_description":"Ficha do Programa Apoiar (Programa Operacional Competitividade e Internacionaliza\u00e7\u00e3o) da Confeitaria Cal\u00e9.","og_url":"https:\/\/confeitariacale.pt\/en\/programa-apoiar\/","og_site_name":"Cal&eacute; - Confeitaria Tradicional Portuguesa","article_publisher":"https:\/\/www.facebook.com\/ConfeitariaCale","article_modified_time":"2021-04-21T08:56:58+00:00","twitter_card":"summary_large_image","twitter_misc":{"Estimated reading time":"1 minute"},"schema":{"@context":"https:\/\/schema.org","@graph":[{"@type":"WebPage","@id":"https:\/\/confeitariacale.pt\/programa-apoiar\/","url":"https:\/\/confeitariacale.pt\/programa-apoiar\/","name":"Programa Apoiar | Cal&eacute; - Confeitaria Tradicional Portuguesa","isPartOf":{"@id":"https:\/\/confeitariacale.pt\/#website"},"datePublished":"2021-04-21T08:56:53+00:00","dateModified":"2021-04-21T08:56:58+00:00","description":"Ficha do Programa Apoiar (Programa Operacional Competitividade e Internacionaliza\u00e7\u00e3o) da Confeitaria Cal\u00e9.","breadcrumb":{"@id":"https:\/\/confeitariacale.pt\/programa-apoiar\/#breadcrumb"},"inLanguage":"en-GB","potentialAction":[{"@type":"ReadAction","target":["https:\/\/confeitariacale.pt\/programa-apoiar\/"]}]},{"@type":"BreadcrumbList","@id":"https:\/\/confeitariacale.pt\/programa-apoiar\/#breadcrumb","itemListElement":[{"@type":"ListItem","position":1,"name":"In\u00edcio","item":"https:\/\/confeitariacale.pt\/"},{"@type":"ListItem","position":2,"name":"Programa Apoiar"}]},{"@type":"WebSite","@id":"https:\/\/confeitariacale.pt\/#website","url":"https:\/\/confeitariacale.pt\/","name":"Cal\u00e9 - Confeitaria Tradicional Portuguesa","description":"No Grupo Cal&eacute; produzimos, vendemos e distribu&iacute;mos diariamente produtos de refer&ecirc;ncia nas &aacute;reas da panifica&ccedil;&atilde;o, pastelaria, confeitaria e do&ccedil;aria.","publisher":{"@id":"https:\/\/confeitariacale.pt\/#organization"},"potentialAction":[{"@type":"SearchAction","target":{"@type":"EntryPoint","urlTemplate":"https:\/\/confeitariacale.pt\/?s={search_term_string}"},"query-input":{"@type":"PropertyValueSpecification","valueRequired":true,"valueName":"search_term_string"}}],"inLanguage":"en-GB"},{"@type":"Organization","@id":"https:\/\/confeitariacale.pt\/#organization","name":"Cal\u00e9 - Confeitaria Tradicional Portuguesa","url":"https:\/\/confeitariacale.pt\/","logo":{"@type":"ImageObject","inLanguage":"en-GB","@id":"https:\/\/confeitariacale.pt\/#\/schema\/logo\/image\/","url":"https:\/\/confeitariacale.pt\/wp-content\/uploads\/2021\/02\/104439490_3144511675595181_1617663331076574825_n.png","contentUrl":"https:\/\/confeitariacale.pt\/wp-content\/uploads\/2021\/02\/104439490_3144511675595181_1617663331076574825_n.png","width":334,"height":334,"caption":"Cal\u00e9 - Confeitaria Tradicional Portuguesa"},"image":{"@id":"https:\/\/confeitariacale.pt\/#\/schema\/logo\/image\/"},"sameAs":["https:\/\/www.facebook.com\/ConfeitariaCale","https:\/\/www.instagram.com\/confeitariacale\/"]}]}},"_links":{"self":[{"href":"https:\/\/confeitariacale.pt\/en\/wp-json\/wp\/v2\/pages\/13955","targetHints":{"allow":["GET"]}}],"collection":[{"href":"https:\/\/confeitariacale.pt\/en\/wp-json\/wp\/v2\/pages"}],"about":[{"href":"https:\/\/confeitariacale.pt\/en\/wp-json\/wp\/v2\/types\/page"}],"author":[{"embeddable":true,"href":"https:\/\/confeitariacale.pt\/en\/wp-json\/wp\/v2\/users\/1"}],"replies":[{"embeddable":true,"href":"https:\/\/confeitariacale.pt\/en\/wp-json\/wp\/v2\/comments?post=13955"}],"version-history":[{"count":0,"href":"https:\/\/confeitariacale.pt\/en\/wp-json\/wp\/v2\/pages\/13955\/revisions"}],"wp:attachment":[{"href":"https:\/\/confeitariacale.pt\/en\/wp-json\/wp\/v2\/media?parent=13955"}],"curies":[{"name":"wp","href":"https:\/\/api.w.org\/{rel}","templated":true}]}}